{"id":949,"date":"2016-04-18T15:36:27","date_gmt":"2016-04-18T12:36:27","guid":{"rendered":"http:\/\/oskaraluminyum.com.tr\/oskar\/?page_id=949"},"modified":"2016-04-26T14:52:37","modified_gmt":"2016-04-26T11:52:37","slug":"faaliyetlerimiz","status":"publish","type":"page","link":"https:\/\/oskaraluminyum.com.tr\/oskar\/faaliyetlerimiz\/","title":{"rendered":"Hizmetlerimiz"},"content":{"rendered":"<div id=\"pl-949\"  class=\"panel-layout\" ><div id=\"pg-949-0\"  class=\"panel-grid panel-no-style\" ><div id=\"pgc-949-0-0\"  class=\"panel-grid-cell\" ><div id=\"panel-949-0-0-0\" class=\"so-panel widget widget_sow-editor panel-first-child\" data-index=\"0\" ><div class=\"so-widget-sow-editor so-widget-sow-editor-base\">\n<div class=\"siteorigin-widget-tinymce textwidget\">\n\t<p><img loading=\"lazy\" class=\"alignleft size-full wp-image-956\" src=\"http:\/\/oskaraluminyum.com.tr\/oskar\/wp-content\/uploads\/2016\/04\/yesil-oskar2.png\" alt=\"yesil-oskar2\" width=\"15\" height=\"16\" \/>Standart griyaj kapakl\u0131, yar\u0131 silikon cam giydirme cephe sistemleri<\/p><\/div>\n<\/div><\/div><div id=\"panel-949-0-0-1\" class=\"so-panel widget widget_sow-editor\" data-index=\"1\" ><div class=\"so-widget-sow-editor so-widget-sow-editor-base\">\n<div class=\"siteorigin-widget-tinymce textwidget\">\n\t<p><img loading=\"lazy\" class=\"alignleft size-full wp-image-960\" src=\"http:\/\/oskaraluminyum.com.tr\/oskar\/wp-content\/uploads\/2016\/04\/mavi-oskar.png\" alt=\"mavi-oskar\" width=\"15\" height=\"16\" \/>Str\u00fckt\u00fcrel silikon cam giydirme cepheler<\/p><\/div>\n<\/div><\/div><div id=\"panel-949-0-0-2\" class=\"so-panel widget widget_sow-editor\" data-index=\"2\" ><div class=\"so-widget-sow-editor so-widget-sow-editor-base\">\n<div class=\"siteorigin-widget-tinymce textwidget\">\n\t<p><img loading=\"lazy\" class=\"alignleft size-full wp-image-961\" src=\"http:\/\/oskaraluminyum.com.tr\/oskar\/wp-content\/uploads\/2016\/04\/sari-oskar.png\" alt=\"sari-oskar\" width=\"15\" height=\"16\" \/>Al\u00fcminyum kompozit panel cephe kaplamalar\u0131<\/p>\n<\/div>\n<\/div><\/div><div id=\"panel-949-0-0-3\" class=\"so-panel widget widget_sow-editor\" data-index=\"3\" ><div class=\"so-widget-sow-editor so-widget-sow-editor-base\">\n<div class=\"siteorigin-widget-tinymce textwidget\">\n\t<p><img loading=\"lazy\" class=\"alignleft size-full wp-image-963\" src=\"http:\/\/oskaraluminyum.com.tr\/oskar\/wp-content\/uploads\/2016\/04\/kirmizi-oskar.png\" alt=\"kirmizi-oskar\" width=\"15\" height=\"16\" \/>Is\u0131 yal\u0131t\u0131ml\u0131 - \u0131s\u0131 yal\u0131t\u0131ms\u0131z al\u00fcminyum do\u011framalar<\/p>\n<\/div>\n<\/div><\/div><div id=\"panel-949-0-0-4\" class=\"so-panel widget widget_sow-editor\" data-index=\"4\" ><div class=\"so-widget-sow-editor so-widget-sow-editor-base\">\n<div class=\"siteorigin-widget-tinymce textwidget\">\n\t<p><img loading=\"lazy\" class=\"alignleft size-full wp-image-964\" src=\"http:\/\/oskaraluminyum.com.tr\/oskar\/wp-content\/uploads\/2016\/04\/acik-mavi.png\" alt=\"acik-mavi\" width=\"15\" height=\"16\" \/>\u00d6zel tasar\u0131m giydirme cephe sistemleri<\/p>\n<\/div>\n<\/div><\/div><div id=\"panel-949-0-0-5\" class=\"so-panel widget widget_sow-editor\" data-index=\"5\" ><div class=\"so-widget-sow-editor so-widget-sow-editor-base\">\n<div class=\"siteorigin-widget-tinymce textwidget\">\n\t<p><img loading=\"lazy\" class=\"alignleft size-full wp-image-965\" src=\"http:\/\/oskaraluminyum.com.tr\/oskar\/wp-content\/uploads\/2016\/04\/pembe-oskar.png\" alt=\"pembe-oskar\" width=\"15\" height=\"16\" \/>\u00d6zel tasar\u0131m cam giri\u015f markizleri<\/p>\n<\/div>\n<\/div><\/div><div id=\"panel-949-0-0-6\" class=\"so-panel widget widget_sow-editor\" data-index=\"6\" ><div class=\"so-widget-sow-editor so-widget-sow-editor-base\">\n<div class=\"siteorigin-widget-tinymce textwidget\">\n\t<p><img loading=\"lazy\" class=\"alignleft size-full wp-image-967\" src=\"http:\/\/oskaraluminyum.com.tr\/oskar\/wp-content\/uploads\/2016\/04\/mor-oskar.png\" alt=\"mor-oskar\" width=\"15\" height=\"16\" \/>\u015eeffaf \u00e7at\u0131 ve \u0131\u015f\u0131kl\u0131klar\u0131<\/p>\n<\/div>\n<\/div><\/div><div id=\"panel-949-0-0-7\" class=\"so-panel widget widget_sow-editor\" data-index=\"7\" ><div class=\"so-widget-sow-editor so-widget-sow-editor-base\">\n<div class=\"siteorigin-widget-tinymce textwidget\">\n\t<p><img loading=\"lazy\" class=\"alignleft size-full wp-image-968\" src=\"http:\/\/oskaraluminyum.com.tr\/oskar\/wp-content\/uploads\/2016\/04\/turuncu-oskar.png\" alt=\"turuncu-oskar\" width=\"15\" height=\"16\" \/>\u00d6zel tasar\u0131m g\u00fcne\u015f k\u0131r\u0131c\u0131 sistemleri<\/p>\n<\/div>\n<\/div><\/div><div id=\"panel-949-0-0-8\" class=\"so-panel widget widget_sow-editor\" data-index=\"8\" ><div class=\"so-widget-sow-editor so-widget-sow-editor-base\">\n<div class=\"siteorigin-widget-tinymce textwidget\">\n\t<p><img loading=\"lazy\" class=\"alignleft size-full wp-image-969\" src=\"http:\/\/oskaraluminyum.com.tr\/oskar\/wp-content\/uploads\/2016\/04\/fistik-oskar.png\" alt=\"fistik-oskar\" width=\"15\" height=\"16\" \/>Jaluzili i\u00e7 b\u00f6lmeler<\/p>\n<\/div>\n<\/div><\/div><div id=\"panel-949-0-0-9\" class=\"so-panel widget widget_sow-editor\" data-index=\"9\" ><div class=\"so-widget-sow-editor so-widget-sow-editor-base\">\n<div class=\"siteorigin-widget-tinymce textwidget\">\n\t<p><img loading=\"lazy\" class=\"alignleft size-full wp-image-971\" src=\"http:\/\/oskaraluminyum.com.tr\/oskar\/wp-content\/uploads\/2016\/04\/turkuza-oskar.png\" alt=\"turkuza-oskar\" width=\"15\" height=\"16\" \/>End\u00fcstriyel kap\u0131lar<\/p>\n<\/div>\n<\/div><\/div><div id=\"panel-949-0-0-10\" class=\"so-panel widget widget_sow-editor\" data-index=\"10\" ><div class=\"so-widget-sow-editor so-widget-sow-editor-base\">\n<div class=\"siteorigin-widget-tinymce textwidget\">\n\t<p><img loading=\"lazy\" class=\"alignleft size-full wp-image-973\" src=\"http:\/\/oskaraluminyum.com.tr\/oskar\/wp-content\/uploads\/2016\/04\/kahve-oskar.png\" alt=\"kahve-oskar\" width=\"15\" height=\"16\" \/>Asma tavanlar<\/p>\n<\/div>\n<\/div><\/div><div id=\"panel-949-0-0-11\" class=\"so-panel widget widget_sow-editor\" data-index=\"11\" ><div class=\"so-widget-sow-editor so-widget-sow-editor-base\">\n<div class=\"siteorigin-widget-tinymce textwidget\">\n\t<p><img loading=\"lazy\" class=\"alignleft size-full wp-image-974\" src=\"http:\/\/oskaraluminyum.com.tr\/oskar\/wp-content\/uploads\/2016\/04\/koyukahve-oskar.png\" alt=\"koyukahve-oskar\" width=\"15\" height=\"16\" \/>Manuel - otomatik kayar ve d\u00f6ner kap\u0131lar<\/p>\n<\/div>\n<\/div><\/div><div id=\"panel-949-0-0-12\" class=\"so-panel widget widget_sow-editor panel-last-child\" data-index=\"12\" ><div class=\"so-widget-sow-editor so-widget-sow-editor-base\">\n<div class=\"siteorigin-widget-tinymce textwidget\">\n\t<p><img loading=\"lazy\" class=\"alignleft size-full wp-image-975\" src=\"http:\/\/oskaraluminyum.com.tr\/oskar\/wp-content\/uploads\/2016\/04\/gri-oskar.png\" alt=\"gri-oskar\" width=\"15\" height=\"16\" \/>\u00c7elik konstr\u00fcksiyon bina uygulamalar\u0131<\/p>\n<\/div>\n<\/div><\/div><\/div><\/div><\/div>","protected":false},"excerpt":{"rendered":"<p>Standart griyaj kapakl\u0131, yar\u0131 silikon cam giydirme cephe sistemleri Str\u00fckt\u00fcrel silikon cam giydirme cepheler Al\u00fcminyum kompozit panel cephe kaplamalar\u0131 Is\u0131 yal\u0131t\u0131ml\u0131 &#8211; \u0131s\u0131 yal\u0131t\u0131ms\u0131z al\u00fcminyum do\u011framalar \u00d6zel tasar\u0131m giydirme cephe sistemleri \u00d6zel tasar\u0131m cam giri\u015f markizleri \u015eeffaf \u00e7at\u0131 ve \u0131\u015f\u0131kl\u0131klar\u0131 \u00d6zel tasar\u0131m g\u00fcne\u015f k\u0131r\u0131c\u0131 sistemleri Jaluzili i\u00e7 b\u00f6lmeler End\u00fcstriyel kap\u0131lar Asma tavanlar Manuel &#8211; otomatik &hellip;<\/p>\n","protected":false},"author":1,"featured_media":0,"parent":0,"menu_order":0,"comment_status":"closed","ping_status":"closed","template":"","meta":[],"_links":{"self":[{"href":"https:\/\/oskaraluminyum.com.tr\/oskar\/wp-json\/wp\/v2\/pages\/949"}],"collection":[{"href":"https:\/\/oskaraluminyum.com.tr\/oskar\/wp-json\/wp\/v2\/pages"}],"about":[{"href":"https:\/\/oskaraluminyum.com.tr\/oskar\/wp-json\/wp\/v2\/types\/page"}],"author":[{"embeddable":true,"href":"https:\/\/oskaraluminyum.com.tr\/oskar\/wp-json\/wp\/v2\/users\/1"}],"replies":[{"embeddable":true,"href":"https:\/\/oskaraluminyum.com.tr\/oskar\/wp-json\/wp\/v2\/comments?post=949"}],"version-history":[{"count":16,"href":"https:\/\/oskaraluminyum.com.tr\/oskar\/wp-json\/wp\/v2\/pages\/949\/revisions"}],"predecessor-version":[{"id":959,"href":"https:\/\/oskaraluminyum.com.tr\/oskar\/wp-json\/wp\/v2\/pages\/949\/revisions\/959"}],"wp:attachment":[{"href":"https:\/\/oskaraluminyum.com.tr\/oskar\/wp-json\/wp\/v2\/media?parent=949"}],"curies":[{"name":"wp","href":"https:\/\/api.w.org\/{rel}","templated":true}]}}