{"id":670,"date":"2015-11-17T09:51:43","date_gmt":"2015-11-17T09:51:43","guid":{"rendered":"http:\/\/xml-io.proteusthemes.com\/structurepress\/?page_id=670"},"modified":"2016-04-26T14:51:20","modified_gmt":"2016-04-26T11:51:20","slug":"referanslarimiz","status":"publish","type":"page","link":"https:\/\/oskaraluminyum.com.tr\/oskar\/referanslarimiz\/","title":{"rendered":"Referanslar\u0131m\u0131z"},"content":{"rendered":"<div id=\"pl-670\"  class=\"panel-layout\" ><div id=\"pg-670-0\"  class=\"panel-grid panel-no-style\" ><div id=\"pgc-670-0-0\"  class=\"panel-grid-cell\" ><div id=\"panel-670-0-0-0\" class=\"so-panel widget widget_text panel-first-child panel-last-child\" data-index=\"0\" ><h3 class=\"widget-title\"><span class=\"widget-title__inline\">Referanslar<\/span><\/h3>\t\t\t<div class=\"textwidget\"><table width=\"512\" class=\"table\">\n  <tbody>\n    <tr>\n      <td width=\"252\"><p><strong>Akifsan Ltd.\u015eti. <\/strong>\u2013 Ostim \/Ankara<\/p><\/td>\n      <td width=\"248\" class=\"align-center\"><p><strong>Mera Motor <\/strong>\u2013 Ostim \/ Ankara<\/p><\/td>\n    <\/tr>\n    <tr>\n      <td><p><strong>A.K.A Hukuk B\u00fcrosu <\/strong>\u2013 Ankara<\/p><\/td>\n      <td class=\"align-center\"><p><strong>Mesa Mesken Yap\u0131 <\/strong>\u2013 Espark Avm \/<br>\n      Eski\u015fehir<\/p><\/td>\n    <\/tr>\n    <tr>\n      <td><p><strong>Ak Osb <\/strong>\u2013 \u0130vedik \/ Ankara<\/p><\/td>\n      <td class=\"align-center\"><p><strong>Midas Otel <\/strong>\u2013 Kavakl\u0131dere \/ Ankara<\/p><\/td>\n    <\/tr>\n    <tr>\n      <td><p><strong>Ankara Profil <\/strong>\u2013 Atisan \/ Ankara<\/p><\/td>\n      <td class=\"align-center\"><p><strong>Nesibe Ayd\u0131n Koleji <\/strong>\u2013 G\u00f6lba\u015f\u0131 \/ Ankara<\/p><\/td>\n    <\/tr>\n    <tr>\n      <td><p><strong>Arel Jeneret\u00f6r Fabrikas\u0131 <\/strong>\u2013 Sincan<br>\n      2.Etap \/  Ankara<\/p><\/td>\n      <td class=\"align-center\"><p><strong>Optik Torna <\/strong>\u2013 Ostim \/ Ankara<\/p><\/td>\n    <\/tr>\n    <tr>\n      <td><p><strong>Armet \u0130n\u015faat - <\/strong>Ostim \/ Ankara<\/p><\/td>\n      <td class=\"align-center\"><p><strong>Osiad <\/strong>\u2013 Ostim \/ Ankara<\/p><\/td>\n    <\/tr>\n    <tr>\n      <td><p><strong>Aymaksan Makina <\/strong>\u2013 Ostim \/ Ankara<\/p><\/td>\n      <td class=\"align-center\"><p><strong>Oto \u0130kiler Ford Servis <\/strong>\u2013 \u015ea\u015fmaz<\/p><\/td>\n    <\/tr>\n    <tr>\n      <td><p><strong>Be\u015fler Pili\u00e7 <\/strong>\u2013 Ostim \/ Ankara<\/p><\/td>\n      <td class=\"align-center\"><p><strong>\u00d6nsa <\/strong>\u2013 \u0130vedik \/ Ankara<\/p><\/td>\n    <\/tr>\n    <tr>\n      <td><p><strong>Bilban Grup Merkez Binas\u0131 <\/strong>\u2013 Ostim<\/p><\/td>\n      <td class=\"align-center\"><p><strong>\u00d6zdo\u011fanlar \u0130\u015f Merkezi <\/strong>\u2013 Sungurlu<\/p><\/td>\n    <\/tr>\n    <tr>\n      <td><p><strong>Can Diyaliz Merkezi <\/strong>\u2013 Yenimahalle \/<br>\n      Ankara<\/p><\/td>\n      <td class=\"align-center\"><p><strong>\u00d6zsan Treyler Sarayk\u00f6y Fabrikas\u0131<\/strong><br>\n      \u2013 Sarayk\u00f6y \/ Ankara<\/p><\/td>\n    <\/tr>\n    <tr>\n      <td><p><strong>\u00c7\u0131nar So\u011futma <\/strong>\u2013 \u0130vedik \/ Ankara<\/p><\/td>\n      <td class=\"align-center\"><p><strong>Peugeut Hakan Otomotiv <\/strong>\u2013 \u015ea\u015fmaz<\/p><\/td>\n    <\/tr>\n    <tr>\n      <td><p><strong>\u00c7uhac\u0131lar \u0130\u015f Merkezi <\/strong>\u2013 Sungurlu<\/p><\/td>\n      <td class=\"align-center\"><p><strong>Prestij \u0130\u015f Merkez\u0131 <\/strong>\u2013 Ostim<\/p><\/td>\n    <\/tr>\n    <tr>\n      <td><p><strong>Dilegno Mobilya Fabrika <\/strong>\u2013 Akyurt<\/p><\/td>\n      <td class=\"align-center\"><p><strong>Se\u00e7im Opel Servisi <\/strong>\u2013 \u015ea\u015fmaz<\/p><\/td>\n    <\/tr>\n    <tr>\n      <td><p><strong>Dr. Sami Ulus \u00c7ocuk Hastanesi <\/strong>\u2013 Alp<br>\n      \u0130n\u015f. \/ Ankara<\/p><\/td>\n      <td class=\"align-center\"><p><strong>Set Reklam <\/strong>\u2013  \u0130vedik \/ Ankara<\/p><\/td>\n    <\/tr>\n    <tr>\n      <td><p><strong>Ece <\/strong>\u2013 Ostim \/ Ankara<\/p><\/td>\n      <td class=\"align-center\"><p><strong>Sever Makina <\/strong>\u2013 \u0130vedik \/ Ankara<\/p><\/td>\n    <\/tr>\n    <tr>\n      <td><p><strong>Eptim Elektrik <\/strong>\u2013 Ostim \/ Ankara<\/p><\/td>\n      <td class=\"align-center\"><p><strong>Sofito Sahne Sanatlar\u0131 <\/strong>\u2013 \u0130vogsan \/<br>\n      Ankara<\/p><\/td>\n    <\/tr>\n    <tr>\n      <td><p><strong>Ertu\u011frul \u00c7evik <\/strong>\u2013 Ostim \/ Ankara<\/p><\/td>\n      <td class=\"align-center\"><p><strong>SSK Bursa \u00c7ekirge Devlet<\/strong><br>\n      <strong>Hastanesi <\/strong>\u2013  Alp \u0130n\u015f.<\/p><\/td>\n    <\/tr>\n    <tr>\n      <td><p><strong>Eski\u015fehir Osman Gazi \u00dcniversitesi<\/strong><br>\n      Alp \u0130n\u015f. \/  Eski\u015fehir<\/p><\/td>\n      <td class=\"align-center\"><p><strong>SSK Sa\u011fl\u0131k \u0130\u015fleri Daire Ba\u015fkanl\u0131k<\/strong><br>\n      <strong>Binas\u0131 <\/strong>\u2013  Alp \u0130n\u015f. K\u0131z\u0131lay \/ Ankara<\/p><\/td>\n    <\/tr>\n    <tr>\n      <td><p><strong>Garanti Bankas\u0131 Merkez \u015eb. <\/strong>\u2013 \u00c7orum<\/p><\/td>\n      <td class=\"align-center\"><p><strong>SGK Ar\u015fiv Binas\u0131 <\/strong>\u2013 Alp \u0130n\u015f. \u0130zmir<br>\n      <strong>\u015eahin \u0130n\u015faat <\/strong>\u2013 Ostim \/ Ankara<\/p><\/td>\n    <\/tr>\n    <tr>\n      <td><p><strong>Gayem \u0130n\u015faat <\/strong>\/ Ankara<\/p><\/td>\n      <td class=\"align-center\"><p><strong>\u015eim\u015fek Karde\u015fler Makina <\/strong>\u2013 Ostim<\/p><\/td>\n    <\/tr>\n    <tr>\n      <td><p><strong>G\u00fcrsoft G\u00fcveni\u015f Hidrolik <\/strong>\u2013 Ostim<\/p><\/td>\n      <td class=\"align-center\"><p><strong>Tks Hidrolik <\/strong>\u2013 \u0130vedik \/ Ankara<\/p><\/td>\n    <\/tr>\n    <tr>\n      <td><p><strong>Hidropol - Teknopol M\u00fchendislik <\/strong>\u2013<br>\n      Ostim \/ Ankara<\/p><\/td>\n      <td class=\"align-center\"><p><strong>Tek-El Makina Sarayk\u00f6y Fabrikas\u0131<\/strong> \u2013 Sarayk\u00f6y \/ Ankara<\/p><\/td>\n    <\/tr>\n    <tr>\n      <td><p><strong>Hpc Hidrolik <\/strong>\u2013 Ostim \/ Ankara<\/p><\/td>\n      <td class=\"align-center\"><p><strong>T\u00fcrkerler Giyim Ma\u011fazas\u0131 <\/strong>\u2013 K\u0131z\u0131lay<\/p><\/td>\n    <\/tr>\n    <tr>\n      <td><p><strong>\u0130ldam Cam <\/strong>\u2013 Ostim \/ Ankara<\/p><\/td>\n      <td class=\"align-center\"><p><strong>Umut K\u00fc\u00e7\u00fck <\/strong>\u2013  \u00c7ankaya \/ Ankara<\/p><\/td>\n    <\/tr>\n    <tr>\n      <td><p><strong>Ka-Cl \u0130\u015f Merkezi <\/strong>\u2013 \u0130vogsan \/ Ankara<\/p><\/td>\n      <td class=\"align-center\"><p><strong>\u00dcnl\u00fco\u011flu Unlu Mam\u00fclleri <\/strong>\u2013 \u0130vogsan \/Ankara<\/p><\/td>\n    <\/tr>\n    <tr>\n      <td><p><strong>Karel Elektrik Merkez Binas\u0131 <\/strong>\u2013 Gazi Mah. \/ Ankara<\/p><\/td>\n      <td class=\"align-center\"><strong>Vatanf\u0131r\u0131n <\/strong>\u2013 Ostim Ankara<\/td>\n    <\/tr>\n    <tr>\n      <td><p><strong>Ke\u00e7i\u00f6ren \u0130l\u00e7e Emniyet M\u00fcd. <\/strong>\u2013 Ankara<\/p><\/td>\n      <td class=\"align-center\"><p><strong>Volkar Elektrik <\/strong>\u2013 \u0130vedik \/ Ankara<\/p><\/td>\n    <\/tr>\n    <tr>\n      <td><p><strong>K\u0131na Otomotiv <\/strong>\u2013 \u0130vogsan \/ Ankara<\/p><\/td>\n      <td class=\"align-center\"><p><strong>Yap\u0131 End\u00fcstri <\/strong>\u2013 \u00c7ayyolu \/ Ankara<\/p><\/td>\n    <\/tr>\n    <tr>\n      <td><p><strong>K\u0131z\u0131lay Derne\u011fi Genel Merkezi <\/strong>\u2013 K\u0131z\u0131lay<\/p><\/td>\n      <td class=\"align-center\"><p><strong>Y\u0131ld\u0131z Yemek <\/strong>\u2013 \u0130vogsan \/Ankara<\/p><\/td>\n    <\/tr>\n    <tr>\n      <td><p><strong>Mcf Hidrolik <\/strong>\u2013 Ostim \/ Ankara<\/p><\/td>\n      <td class=\"align-center\"><p><strong>Zekai Tahir Burak Do\u011fumevi <\/strong>\u2013 Alp<br>\n      \u0130n\u015f. \/ Ankara<\/p><\/td>\n    <\/tr>\n    <tr>\n      <td><p><strong>Meka M\u00fchendislik <\/strong>\u2013 B.O.S. B\u00f6lgesi<br>\n      Temelli \/  Ankara<\/p><\/td>\n      <td class=\"align-center\"><p><strong>Zirve Kebap <\/strong>\u2013  \u0130vogsan \/ Ankara<\/p><\/td>\n    <\/tr>\n    <tr>\n      <td><p><strong>Mekra-Lang Alman Otomotiv Yan<\/strong><br>\n      <strong>Sanayi Fabrikas\u0131 <\/strong>\u2013 Temelli \/ Ankara<\/p><\/td>\n      <td class=\"align-center\">&nbsp;<\/td>\n    <\/tr>\n  <\/tbody>\n<\/table><\/div>\n\t\t<\/div><\/div><\/div><\/div>","protected":false},"excerpt":{"rendered":"<p>Akifsan Ltd.\u015eti. \u2013 Ostim \/Ankara Mera Motor \u2013 Ostim \/ Ankara A.K.A Hukuk B\u00fcrosu \u2013 Ankara Mesa Mesken Yap\u0131 \u2013 Espark Avm \/ Eski\u015fehir Ak Osb \u2013 \u0130vedik \/ Ankara Midas Otel \u2013 Kavakl\u0131dere \/ Ankara Ankara Profil \u2013 Atisan \/ Ankara Nesibe Ayd\u0131n Koleji \u2013 G\u00f6lba\u015f\u0131 \/ Ankara Arel Jeneret\u00f6r Fabrikas\u0131 \u2013 Sincan 2.Etap &hellip;<\/p>\n","protected":false},"author":1,"featured_media":0,"parent":0,"menu_order":0,"comment_status":"closed","ping_status":"closed","template":"","meta":[],"_links":{"self":[{"href":"https:\/\/oskaraluminyum.com.tr\/oskar\/wp-json\/wp\/v2\/pages\/670"}],"collection":[{"href":"https:\/\/oskaraluminyum.com.tr\/oskar\/wp-json\/wp\/v2\/pages"}],"about":[{"href":"https:\/\/oskaraluminyum.com.tr\/oskar\/wp-json\/wp\/v2\/types\/page"}],"author":[{"embeddable":true,"href":"https:\/\/oskaraluminyum.com.tr\/oskar\/wp-json\/wp\/v2\/users\/1"}],"replies":[{"embeddable":true,"href":"https:\/\/oskaraluminyum.com.tr\/oskar\/wp-json\/wp\/v2\/comments?post=670"}],"version-history":[{"count":5,"href":"https:\/\/oskaraluminyum.com.tr\/oskar\/wp-json\/wp\/v2\/pages\/670\/revisions"}],"predecessor-version":[{"id":1232,"href":"https:\/\/oskaraluminyum.com.tr\/oskar\/wp-json\/wp\/v2\/pages\/670\/revisions\/1232"}],"wp:attachment":[{"href":"https:\/\/oskaraluminyum.com.tr\/oskar\/wp-json\/wp\/v2\/media?parent=670"}],"curies":[{"name":"wp","href":"https:\/\/api.w.org\/{rel}","templated":true}]}}