{"id":482,"date":"2015-11-13T13:00:03","date_gmt":"2015-11-13T13:00:03","guid":{"rendered":"http:\/\/xml-io.proteusthemes.com\/structurepress\/?page_id=482"},"modified":"2016-04-26T17:00:19","modified_gmt":"2016-04-26T14:00:19","slug":"aluminyum-kompozit-panel-cephe-kaplamalari","status":"publish","type":"page","link":"https:\/\/oskaraluminyum.com.tr\/oskar\/cephe-kaplama-hizmetlerimiz\/aluminyum-kompozit-panel-cephe-kaplamalari\/","title":{"rendered":"Al\u00fcminyum Kompozit Panel Cephe Kaplamalar\u0131"},"content":{"rendered":"<div id=\"pl-482\"  class=\"panel-layout\" ><div id=\"pg-482-0\"  class=\"panel-grid panel-no-style\" ><div id=\"pgc-482-0-0\"  class=\"panel-grid-cell\" ><div id=\"panel-482-0-0-0\" class=\"so-panel widget widget_pw_featured_page widget-featured-page panel-first-child panel-last-child\" data-index=\"0\" >\n\t<div class=\"page-box  page-box--block\">\n\t\t\t\t\t<a class=\"page-box__picture\" href=\"https:\/\/oskaraluminyum.com.tr\/oskar\/cephe-kaplama-hizmetlerimiz\/aluminyum-kompozit-panel-cephe-kaplamalari\/aluminyum-dograma-sistemleri\/\">\n\t\t\t\t<img src=\"https:\/\/oskaraluminyum.com.tr\/oskar\/wp-content\/uploads\/2016\/04\/aluminyum-cephe-kaplamalari-360x240.jpg\" width=\"360\" height=\"240\" srcset=\"https:\/\/oskaraluminyum.com.tr\/oskar\/wp-content\/uploads\/2016\/04\/aluminyum-cephe-kaplamalari-360x240.jpg 360w, https:\/\/oskaraluminyum.com.tr\/oskar\/wp-content\/uploads\/2016\/04\/aluminyum-cephe-kaplamalari.jpg 840w\" sizes=\"(min-width: 1200px) 350px, (min-width: 992px) 284px, (min-width: 768px) 692px, calc(100vw - 30px)\" class=\"wp-post-image\" alt=\"Al\u00fcminyum Do\u011frama Sistemleri\">\n\t\t\t<\/a>\n\t\t\t\t<div class=\"page-box__content\">\n\t\t\t<h4 class=\"page-box__title\"><a href=\"https:\/\/oskaraluminyum.com.tr\/oskar\/cephe-kaplama-hizmetlerimiz\/aluminyum-kompozit-panel-cephe-kaplamalari\/aluminyum-dograma-sistemleri\/\">Al\u00fcminyum Do\u011frama Sistemleri<\/a><\/h4>\n\t\t\t<p class=\"page-box__text\">Al\u00fcminyum Do\u011frama Sistemleri\r\nYa\u015fam alanlar\u0131nda kullan\u0131lan sistemler olarak mente\u015feli pencere ve kap\u0131 do\u011framalar\u0131 olduk\u00e7a yayg\u0131nd\u0131r. Bu sistemlerden beklenen \u00f6zellikler ba\u015fta \u0131s\u0131 yal\u0131t\u0131m &hellip;<\/p>\n\t\t\t\t\t\t\t<a href=\"https:\/\/oskaraluminyum.com.tr\/oskar\/cephe-kaplama-hizmetlerimiz\/aluminyum-kompozit-panel-cephe-kaplamalari\/aluminyum-dograma-sistemleri\/\" class=\"page-box__more-link\">Detay<\/a>\n\t\t\t\t\t<\/div>\n\t<\/div>\n\n<\/div><\/div><div id=\"pgc-482-0-1\"  class=\"panel-grid-cell\" ><div id=\"panel-482-0-1-0\" class=\"so-panel widget widget_pw_featured_page widget-featured-page panel-first-child panel-last-child\" data-index=\"1\" >\n\t<div class=\"page-box  page-box--block\">\n\t\t\t\t\t<a class=\"page-box__picture\" href=\"https:\/\/oskaraluminyum.com.tr\/oskar\/cephe-kaplama-hizmetlerimiz\/aluminyum-kompozit-panel-cephe-kaplamalari\/aluminyum-isiklik-sistemleri-ankara\/\">\n\t\t\t\t<img src=\"https:\/\/oskaraluminyum.com.tr\/oskar\/wp-content\/uploads\/2015\/11\/aluminyum-isiklik-sistemleri-360x240.jpg\" width=\"360\" height=\"240\" srcset=\"https:\/\/oskaraluminyum.com.tr\/oskar\/wp-content\/uploads\/2015\/11\/aluminyum-isiklik-sistemleri-360x240.jpg 360w, https:\/\/oskaraluminyum.com.tr\/oskar\/wp-content\/uploads\/2015\/11\/aluminyum-isiklik-sistemleri.jpg 840w\" sizes=\"(min-width: 1200px) 350px, (min-width: 992px) 284px, (min-width: 768px) 692px, calc(100vw - 30px)\" class=\"wp-post-image\" alt=\"Al\u00fcminyum I\u015f\u0131kl\u0131k Sistemleri\">\n\t\t\t<\/a>\n\t\t\t\t<div class=\"page-box__content\">\n\t\t\t<h4 class=\"page-box__title\"><a href=\"https:\/\/oskaraluminyum.com.tr\/oskar\/cephe-kaplama-hizmetlerimiz\/aluminyum-kompozit-panel-cephe-kaplamalari\/aluminyum-isiklik-sistemleri-ankara\/\">Al\u00fcminyum I\u015f\u0131kl\u0131k Sistemleri<\/a><\/h4>\n\t\t\t<p class=\"page-box__text\">Al\u00fcminyum I\u015f\u0131kl\u0131k Sistemleri\r\n&nbsp;\r\n&nbsp;\r\nAna ta\u015f\u0131y\u0131c\u0131 \u00e7elik konstr\u00fcksiyon \u00fczerine al\u00fcminyum profiller kullanarak ikinci bir karkas olu\u015fturulup. Bu karkas\u0131n &nbsp;i\u00e7erisine uygun \u00f6l\u00e7\u00fclerdeki &hellip;<\/p>\n\t\t\t\t\t\t\t<a href=\"https:\/\/oskaraluminyum.com.tr\/oskar\/cephe-kaplama-hizmetlerimiz\/aluminyum-kompozit-panel-cephe-kaplamalari\/aluminyum-isiklik-sistemleri-ankara\/\" class=\"page-box__more-link\">Detay<\/a>\n\t\t\t\t\t<\/div>\n\t<\/div>\n\n<\/div><\/div><\/div><div id=\"pg-482-1\"  class=\"panel-grid panel-no-style\" ><div id=\"pgc-482-1-0\"  class=\"panel-grid-cell\" ><div id=\"panel-482-1-0-0\" class=\"so-panel widget widget_pw_featured_page widget-featured-page panel-first-child panel-last-child\" data-index=\"2\" >\n\t<div class=\"page-box  page-box--block\">\n\t\t\t\t\t<a class=\"page-box__picture\" href=\"https:\/\/oskaraluminyum.com.tr\/oskar\/cephe-kaplama-hizmetlerimiz\/aluminyum-kompozit-panel-cephe-kaplamalari\/soguk-cephe-kaplamalar\/\">\n\t\t\t\t<img src=\"https:\/\/oskaraluminyum.com.tr\/oskar\/wp-content\/uploads\/2016\/04\/soguk-cephe-kaplamalari-360x240.jpg\" width=\"360\" height=\"240\" srcset=\"https:\/\/oskaraluminyum.com.tr\/oskar\/wp-content\/uploads\/2016\/04\/soguk-cephe-kaplamalari-360x240.jpg 360w, https:\/\/oskaraluminyum.com.tr\/oskar\/wp-content\/uploads\/2016\/04\/soguk-cephe-kaplamalari.jpg 840w\" sizes=\"(min-width: 1200px) 350px, (min-width: 992px) 284px, (min-width: 768px) 692px, calc(100vw - 30px)\" class=\"wp-post-image\" alt=\"So\u011fuk Cephe Kaplamalar\">\n\t\t\t<\/a>\n\t\t\t\t<div class=\"page-box__content\">\n\t\t\t<h4 class=\"page-box__title\"><a href=\"https:\/\/oskaraluminyum.com.tr\/oskar\/cephe-kaplama-hizmetlerimiz\/aluminyum-kompozit-panel-cephe-kaplamalari\/soguk-cephe-kaplamalar\/\">So\u011fuk Cephe Kaplamalar<\/a><\/h4>\n\t\t\t<p class=\"page-box__text\">So\u011fuk Cephe Kaplamalar\u0131\r\n&nbsp;\r\nBinalar\u0131n d\u0131\u015f cephelerinde kullan\u0131lmak \u00fczere geli\u015ftirilmi\u015f \"yang\u0131na dayan\u0131kl\u0131\" (tutu\u015fmaz) \u00f6zellikli al\u00fcminyum kompozit levha ile yap\u0131lan kaplama \u00e7e\u015fitidir. &hellip;<\/p>\n\t\t\t\t\t\t\t<a href=\"https:\/\/oskaraluminyum.com.tr\/oskar\/cephe-kaplama-hizmetlerimiz\/aluminyum-kompozit-panel-cephe-kaplamalari\/soguk-cephe-kaplamalar\/\" class=\"page-box__more-link\">Detay<\/a>\n\t\t\t\t\t<\/div>\n\t<\/div>\n\n<\/div><\/div><div id=\"pgc-482-1-1\"  class=\"panel-grid-cell\" ><div id=\"panel-482-1-1-0\" class=\"so-panel widget widget_pw_featured_page widget-featured-page panel-first-child panel-last-child\" data-index=\"3\" >\n\t<div class=\"page-box  page-box--block\">\n\t\t\t\t\t<a class=\"page-box__picture\" href=\"https:\/\/oskaraluminyum.com.tr\/oskar\/cephe-kaplama-hizmetlerimiz\/aluminyum-kompozit-panel-cephe-kaplamalari\/transparan-cepheler\/\">\n\t\t\t\t<img src=\"https:\/\/oskaraluminyum.com.tr\/oskar\/wp-content\/uploads\/2015\/11\/transparan-cephe-kaplamasi-360x240.jpg\" width=\"360\" height=\"240\" srcset=\"https:\/\/oskaraluminyum.com.tr\/oskar\/wp-content\/uploads\/2015\/11\/transparan-cephe-kaplamasi-360x240.jpg 360w, https:\/\/oskaraluminyum.com.tr\/oskar\/wp-content\/uploads\/2015\/11\/transparan-cephe-kaplamasi.jpg 840w\" sizes=\"(min-width: 1200px) 350px, (min-width: 992px) 284px, (min-width: 768px) 692px, calc(100vw - 30px)\" class=\"wp-post-image\" alt=\"Transparan Cepheler\">\n\t\t\t<\/a>\n\t\t\t\t<div class=\"page-box__content\">\n\t\t\t<h4 class=\"page-box__title\"><a href=\"https:\/\/oskaraluminyum.com.tr\/oskar\/cephe-kaplama-hizmetlerimiz\/aluminyum-kompozit-panel-cephe-kaplamalari\/transparan-cepheler\/\">Transparan Cepheler<\/a><\/h4>\n\t\t\t<p class=\"page-box__text\">Transparan Cepheler\r\n&nbsp;\r\n\u00d6zel paslanmaz rotiller arac\u0131l\u0131\u011f\u0131yla d\u00f6rt kenar\u0131ndan delinerek tutturulmu\u015f olan \u0131s\u0131cam veya lamine tek veya \u0131s\u0131 camlara ta\u015f\u0131y\u0131c\u0131 \u00e7eklik konstr\u00fcksiyona mekanik &hellip;<\/p>\n\t\t\t\t\t\t\t<a href=\"https:\/\/oskaraluminyum.com.tr\/oskar\/cephe-kaplama-hizmetlerimiz\/aluminyum-kompozit-panel-cephe-kaplamalari\/transparan-cepheler\/\" class=\"page-box__more-link\">Detay<\/a>\n\t\t\t\t\t<\/div>\n\t<\/div>\n\n<\/div><\/div><\/div><\/div>","protected":false},"excerpt":{"rendered":"<p>Al\u00fcminyum Do\u011frama Sistemleri Al\u00fcminyum Do\u011frama Sistemleri Ya\u015fam alanlar\u0131nda kullan\u0131lan sistemler olarak mente\u015feli pencere ve kap\u0131 do\u011framalar\u0131 olduk\u00e7a yayg\u0131nd\u0131r. Bu sistemlerden beklenen \u00f6zellikler ba\u015fta \u0131s\u0131 yal\u0131t\u0131m &hellip; Detay Al\u00fcminyum I\u015f\u0131kl\u0131k Sistemleri Al\u00fcminyum I\u015f\u0131kl\u0131k Sistemleri &nbsp; &nbsp; Ana ta\u015f\u0131y\u0131c\u0131 \u00e7elik konstr\u00fcksiyon \u00fczerine al\u00fcminyum profiller kullanarak ikinci bir karkas olu\u015fturulup. Bu karkas\u0131n &nbsp;i\u00e7erisine uygun \u00f6l\u00e7\u00fclerdeki &hellip; Detay So\u011fuk &hellip;<\/p>\n","protected":false},"author":1,"featured_media":1062,"parent":43,"menu_order":0,"comment_status":"closed","ping_status":"closed","template":"","meta":[],"_links":{"self":[{"href":"https:\/\/oskaraluminyum.com.tr\/oskar\/wp-json\/wp\/v2\/pages\/482"}],"collection":[{"href":"https:\/\/oskaraluminyum.com.tr\/oskar\/wp-json\/wp\/v2\/pages"}],"about":[{"href":"https:\/\/oskaraluminyum.com.tr\/oskar\/wp-json\/wp\/v2\/types\/page"}],"author":[{"embeddable":true,"href":"https:\/\/oskaraluminyum.com.tr\/oskar\/wp-json\/wp\/v2\/users\/1"}],"replies":[{"embeddable":true,"href":"https:\/\/oskaraluminyum.com.tr\/oskar\/wp-json\/wp\/v2\/comments?post=482"}],"version-history":[{"count":6,"href":"https:\/\/oskaraluminyum.com.tr\/oskar\/wp-json\/wp\/v2\/pages\/482\/revisions"}],"predecessor-version":[{"id":1087,"href":"https:\/\/oskaraluminyum.com.tr\/oskar\/wp-json\/wp\/v2\/pages\/482\/revisions\/1087"}],"up":[{"embeddable":true,"href":"https:\/\/oskaraluminyum.com.tr\/oskar\/wp-json\/wp\/v2\/pages\/43"}],"wp:featuredmedia":[{"embeddable":true,"href":"https:\/\/oskaraluminyum.com.tr\/oskar\/wp-json\/wp\/v2\/media\/1062"}],"wp:attachment":[{"href":"https:\/\/oskaraluminyum.com.tr\/oskar\/wp-json\/wp\/v2\/media?parent=482"}],"curies":[{"name":"wp","href":"https:\/\/api.w.org\/{rel}","templated":true}]}}