{"id":36,"date":"2015-10-22T05:45:07","date_gmt":"2015-10-22T05:45:07","guid":{"rendered":"http:\/\/xml-io.proteusthemes.com\/structurepress\/?page_id=36"},"modified":"2016-04-26T14:50:26","modified_gmt":"2016-04-26T11:50:26","slug":"oskar-alimunyum","status":"publish","type":"page","link":"https:\/\/oskaraluminyum.com.tr\/oskar\/oskar-alimunyum\/","title":{"rendered":"Hakk\u0131m\u0131zda"},"content":{"rendered":"<div id=\"pl-36\"  class=\"panel-layout\" ><div id=\"pg-36-0\"  class=\"panel-grid panel-has-style\" ><div class=\"siteorigin-panels-stretch panel-row-style panel-row-style-for-36-0\" data-stretch-type=\"full\" ><div id=\"pgc-36-0-0\"  class=\"panel-grid-cell\" ><div id=\"panel-36-0-0-0\" class=\"so-panel widget widget_sow-editor panel-first-child panel-last-child\" data-index=\"0\" ><div class=\"so-widget-sow-editor so-widget-sow-editor-base\">\n<div class=\"siteorigin-widget-tinymce textwidget\">\n\t<p>Oskar Al\u00fcminyum 2002 y\u0131l\u0131nda do\u011frama alan\u0131nda faaliyete ba\u015flam\u0131\u015f olup, kaliteyi prensip edinmi\u015ftir. \u00c7a\u011fda\u015f mimari ve m\u00fchendislik \u00e7izgilerine uygun, uzun \u00f6m\u00fcrl\u00fc, estetik yap\u0131lar olu\u015fturmaktad\u0131r.<\/p>\n<p>Oskar Al\u00fcminyum g\u00fcncel yap\u0131 teknolojisi ile yap\u0131ya \u00f6zel fikirler \u00fcretip, geni\u015f malzeme yelpazesi ile hizmet vermektedir. \u00d6ncelikle m\u00fc\u015fteri memnuniyetii ilke edinen \u00e7al\u0131\u015fanlar\u0131m\u0131z, kendilerini firma takibinde\u00a0g\u00fcncelleyerek ba\u015far\u0131 d\u00fczeylerini y\u00fcksek tutmaktad\u0131r. Firmam\u0131z \u0130nsan odakl\u0131 ve kaliteden \u00f6d\u00fcn vermeden ger\u00e7ekle\u015ftirdi\u011fi her projede, kullan\u0131lan \u00fcr\u00fcn ve hizmetleri s\u00fcrekli olarak geli\u015ftirip, zaman\u0131nda i\u015f teslimi yapmaktad\u0131r.<\/p>\n<p><strong>Ba\u015far\u0131m\u0131z\u0131n kal\u0131c\u0131 olmas\u0131; vizyonumuzu geni\u015f tutup, hedeflerimizi bir ad\u0131m ileride g\u00f6rmekten kaynaklanmaktad\u0131r.<\/strong><\/p>\n<p style=\"text-align: right;\"><strong>Ahmet ERBASAN<\/strong><\/p>\n<\/div>\n<\/div><\/div><\/div><div id=\"pgc-36-0-1\"  class=\"panel-grid-cell\" ><div id=\"panel-36-0-1-0\" class=\"so-panel widget widget_sow-image panel-first-child panel-last-child\" data-index=\"1\" ><div class=\"panel-widget-style panel-widget-style-for-36-0-1-0\" ><div class=\"so-widget-sow-image so-widget-sow-image-default-4b231843ec72\">\n\n<div class=\"sow-image-container\">\n\t<img src=\"https:\/\/oskaraluminyum.com.tr\/oskar\/wp-content\/uploads\/2016\/04\/oscar-aliminyum.png\" width=\"269\" height=\"70\" sizes=\"(max-width: 269px) 100vw, 269px\" alt=\"Oskar Logo\" \t\tclass=\"so-widget-image\"\/>\n<\/div>\n\n<\/div><\/div><\/div><\/div><\/div><\/div><\/div>","protected":false},"excerpt":{"rendered":"<p>Oskar Al\u00fcminyum 2002 y\u0131l\u0131nda do\u011frama alan\u0131nda faaliyete ba\u015flam\u0131\u015f olup, kaliteyi prensip edinmi\u015ftir. \u00c7a\u011fda\u015f mimari ve m\u00fchendislik \u00e7izgilerine uygun, uzun \u00f6m\u00fcrl\u00fc, estetik yap\u0131lar olu\u015fturmaktad\u0131r.Oskar Al\u00fcminyum g\u00fcncel yap\u0131 teknolojisi ile yap\u0131ya \u00f6zel fikirler \u00fcretip, geni\u015f malzeme yelpazesi ile hizmet vermektedir. \u00d6ncelikle m\u00fc\u015fteri memnuniyetii ilke edinen \u00e7al\u0131\u015fanlar\u0131m\u0131z, kendilerini firma takibinde\u00a0g\u00fcncelleyerek ba\u015far\u0131 d\u00fczeylerini y\u00fcksek tutmaktad\u0131r. Firmam\u0131z \u0130nsan odakl\u0131 ve &hellip;<\/p>\n","protected":false},"author":1,"featured_media":0,"parent":0,"menu_order":0,"comment_status":"closed","ping_status":"closed","template":"","meta":[],"_links":{"self":[{"href":"https:\/\/oskaraluminyum.com.tr\/oskar\/wp-json\/wp\/v2\/pages\/36"}],"collection":[{"href":"https:\/\/oskaraluminyum.com.tr\/oskar\/wp-json\/wp\/v2\/pages"}],"about":[{"href":"https:\/\/oskaraluminyum.com.tr\/oskar\/wp-json\/wp\/v2\/types\/page"}],"author":[{"embeddable":true,"href":"https:\/\/oskaraluminyum.com.tr\/oskar\/wp-json\/wp\/v2\/users\/1"}],"replies":[{"embeddable":true,"href":"https:\/\/oskaraluminyum.com.tr\/oskar\/wp-json\/wp\/v2\/comments?post=36"}],"version-history":[{"count":8,"href":"https:\/\/oskaraluminyum.com.tr\/oskar\/wp-json\/wp\/v2\/pages\/36\/revisions"}],"predecessor-version":[{"id":1231,"href":"https:\/\/oskaraluminyum.com.tr\/oskar\/wp-json\/wp\/v2\/pages\/36\/revisions\/1231"}],"wp:attachment":[{"href":"https:\/\/oskaraluminyum.com.tr\/oskar\/wp-json\/wp\/v2\/media?parent=36"}],"curies":[{"name":"wp","href":"https:\/\/api.w.org\/{rel}","templated":true}]}}