{"id":1248,"date":"2016-04-26T16:59:46","date_gmt":"2016-04-26T13:59:46","guid":{"rendered":"http:\/\/oskaraluminyum.com.tr\/oskar\/?page_id=1248"},"modified":"2016-04-26T17:05:53","modified_gmt":"2016-04-26T14:05:53","slug":"aluminyum-isiklik-sistemleri-ankara","status":"publish","type":"page","link":"https:\/\/oskaraluminyum.com.tr\/oskar\/cephe-kaplama-hizmetlerimiz\/aluminyum-kompozit-panel-cephe-kaplamalari\/aluminyum-isiklik-sistemleri-ankara\/","title":{"rendered":"Al\u00fcminyum I\u015f\u0131kl\u0131k Sistemleri"},"content":{"rendered":"<div id=\"pl-1248\"  class=\"panel-layout\" ><div id=\"pg-1248-0\"  class=\"panel-grid panel-no-style\" ><div id=\"pgc-1248-0-0\"  class=\"panel-grid-cell\" ><div id=\"panel-1248-0-0-0\" class=\"so-panel widget widget_sow-editor panel-first-child panel-last-child\" data-index=\"0\" ><div class=\"so-widget-sow-editor so-widget-sow-editor-base\">\n<div class=\"siteorigin-widget-tinymce textwidget\">\n\t<h4>Al\u00fcminyum I\u015f\u0131kl\u0131k Sistemleri<\/h4>\n<p>&nbsp;<\/p>\n<p style=\"text-align: justify;\">Ana ta\u015f\u0131y\u0131c\u0131 \u00e7elik konstr\u00fcksiyon \u00fczerine al\u00fcminyum profiller kullanarak ikinci bir karkas olu\u015fturulup. Bu karkas\u0131n \u00a0i\u00e7erisine uygun \u00f6l\u00e7\u00fclerdeki cam veya opak malzemeler adapte edilir. Ge\u00e7ilen a\u00e7\u0131kl\u0131klara ba\u011fl\u0131 olarak ana ta\u015f\u0131y\u0131c\u0131 \u00e7elik\u00a0konstr\u00fcksiyon olmaks\u0131z\u0131n al\u00fcminyum profillerle de sistem \u00e7\u00f6z\u00fcmleri yap\u0131labilmektedir. I\u015f\u0131klarda kar, r\u00fczgar ve hareketli y\u00fckler\u00a0ilgili normlara ve yerel y\u00f6netmeliklere ba\u011fl\u0131 olarak hesaplanarak profil kesitleri boyutland\u0131r\u0131l\u0131r. Ya\u011fmur suyu tahliyesi ve temizlik sistemi \u00e7\u00f6z\u00fclm\u00fc\u015f\u00a0olmal\u0131d\u0131r. I\u015f\u0131kl\u0131k sistemleri i\u00e7erisine duman tahliyesi veya havaland\u0131rma pencereleri a\u00e7\u0131labilir.<\/p>\n<p>&nbsp;<\/p>\n<\/div>\n<\/div><\/div><\/div><div id=\"pgc-1248-0-1\"  class=\"panel-grid-cell\" ><div id=\"panel-1248-0-1-0\" class=\"so-panel widget widget_sow-editor panel-first-child panel-last-child\" data-index=\"1\" ><div class=\"so-widget-sow-editor so-widget-sow-editor-base\">\n<div class=\"siteorigin-widget-tinymce textwidget\">\n\t<p><img loading=\"lazy\" class=\"alignleft size-full wp-image-1139\" src=\"http:\/\/oskaraluminyum.com.tr\/oskar\/wp-content\/uploads\/2015\/11\/aluminyum-isiklik-sistemleri.jpg\" alt=\"aluminyum-isiklik-sistemleri\" width=\"840\" height=\"420\" srcset=\"https:\/\/oskaraluminyum.com.tr\/oskar\/wp-content\/uploads\/2015\/11\/aluminyum-isiklik-sistemleri.jpg 840w, https:\/\/oskaraluminyum.com.tr\/oskar\/wp-content\/uploads\/2015\/11\/aluminyum-isiklik-sistemleri-300x150.jpg 300w, https:\/\/oskaraluminyum.com.tr\/oskar\/wp-content\/uploads\/2015\/11\/aluminyum-isiklik-sistemleri-768x384.jpg 768w, https:\/\/oskaraluminyum.com.tr\/oskar\/wp-content\/uploads\/2015\/11\/aluminyum-isiklik-sistemleri-540x270.jpg 540w\" sizes=\"(max-width: 840px) 100vw, 840px\" \/><\/p>\n<\/div>\n<\/div><\/div><\/div><\/div><\/div>","protected":false},"excerpt":{"rendered":"<p>Al\u00fcminyum I\u015f\u0131kl\u0131k Sistemleri &nbsp; Ana ta\u015f\u0131y\u0131c\u0131 \u00e7elik konstr\u00fcksiyon \u00fczerine al\u00fcminyum profiller kullanarak ikinci bir karkas olu\u015fturulup. Bu karkas\u0131n \u00a0i\u00e7erisine uygun \u00f6l\u00e7\u00fclerdeki cam veya opak malzemeler adapte edilir. Ge\u00e7ilen a\u00e7\u0131kl\u0131klara ba\u011fl\u0131 olarak ana ta\u015f\u0131y\u0131c\u0131 \u00e7elik\u00a0konstr\u00fcksiyon olmaks\u0131z\u0131n al\u00fcminyum profillerle de sistem \u00e7\u00f6z\u00fcmleri yap\u0131labilmektedir. I\u015f\u0131klarda kar, r\u00fczgar ve hareketli y\u00fckler\u00a0ilgili normlara ve yerel y\u00f6netmeliklere ba\u011fl\u0131 olarak hesaplanarak profil &hellip;<\/p>\n","protected":false},"author":1,"featured_media":1139,"parent":482,"menu_order":0,"comment_status":"closed","ping_status":"closed","template":"","meta":[],"_links":{"self":[{"href":"https:\/\/oskaraluminyum.com.tr\/oskar\/wp-json\/wp\/v2\/pages\/1248"}],"collection":[{"href":"https:\/\/oskaraluminyum.com.tr\/oskar\/wp-json\/wp\/v2\/pages"}],"about":[{"href":"https:\/\/oskaraluminyum.com.tr\/oskar\/wp-json\/wp\/v2\/types\/page"}],"author":[{"embeddable":true,"href":"https:\/\/oskaraluminyum.com.tr\/oskar\/wp-json\/wp\/v2\/users\/1"}],"replies":[{"embeddable":true,"href":"https:\/\/oskaraluminyum.com.tr\/oskar\/wp-json\/wp\/v2\/comments?post=1248"}],"version-history":[{"count":2,"href":"https:\/\/oskaraluminyum.com.tr\/oskar\/wp-json\/wp\/v2\/pages\/1248\/revisions"}],"predecessor-version":[{"id":1252,"href":"https:\/\/oskaraluminyum.com.tr\/oskar\/wp-json\/wp\/v2\/pages\/1248\/revisions\/1252"}],"up":[{"embeddable":true,"href":"https:\/\/oskaraluminyum.com.tr\/oskar\/wp-json\/wp\/v2\/pages\/482"}],"wp:featuredmedia":[{"embeddable":true,"href":"https:\/\/oskaraluminyum.com.tr\/oskar\/wp-json\/wp\/v2\/media\/1139"}],"wp:attachment":[{"href":"https:\/\/oskaraluminyum.com.tr\/oskar\/wp-json\/wp\/v2\/media?parent=1248"}],"curies":[{"name":"wp","href":"https:\/\/api.w.org\/{rel}","templated":true}]}}