{"id":1118,"date":"2016-04-26T09:12:04","date_gmt":"2016-04-26T06:12:04","guid":{"rendered":"http:\/\/oskaraluminyum.com.tr\/oskar\/?page_id=1118"},"modified":"2016-04-26T10:27:28","modified_gmt":"2016-04-26T07:27:28","slug":"ic-bolmeler","status":"publish","type":"page","link":"https:\/\/oskaraluminyum.com.tr\/oskar\/cephe-kaplama-hizmetlerimiz\/diger-sistemler\/ic-bolmeler\/","title":{"rendered":"\u0130\u00e7 B\u00f6lmeler"},"content":{"rendered":"<div id=\"pl-1118\"  class=\"panel-layout\" ><div id=\"pg-1118-0\"  class=\"panel-grid panel-no-style\" ><div id=\"pgc-1118-0-0\"  class=\"panel-grid-cell\" ><div id=\"panel-1118-0-0-0\" class=\"so-panel widget widget_sow-editor panel-first-child panel-last-child\" data-index=\"0\" ><div class=\"so-widget-sow-editor so-widget-sow-editor-base\">\n<div class=\"siteorigin-widget-tinymce textwidget\">\n\t<h4>\u0130\u00e7 B\u00f6lmeler<\/h4>\n<p>\u00a0<\/p>\n<p style=\"text-align: justify;\">G\u00fcn\u00fcm\u00fczde modern ofislerin i\u00e7 partisyonlar\u0131 al\u00fcminyum ta\u015f\u0131y\u0131c\u0131l\u0131 muhtelif tipte i\u00e7 b\u00f6lme sistemleri ile olu\u015fturulmaktad\u0131r. Bu \u015fekilde olu\u015fturulmu\u015f ofisler daha saydam bir \u00e7al\u0131\u015fma ortam\u0131 sa\u011flamakla birlikte mimari a\u00e7\u0131dan da \u00f6nem kazanmaktad\u0131r.<\/p>\n<\/div>\n<\/div><\/div><\/div><div id=\"pgc-1118-0-1\"  class=\"panel-grid-cell\" ><div id=\"panel-1118-0-1-0\" class=\"so-panel widget widget_sow-editor panel-first-child panel-last-child\" data-index=\"1\" ><div class=\"so-widget-sow-editor so-widget-sow-editor-base\">\n<div class=\"siteorigin-widget-tinymce textwidget\">\n\t<p><img loading=\"lazy\" class=\"alignleft size-full wp-image-1154\" src=\"http:\/\/oskaraluminyum.com.tr\/oskar\/wp-content\/uploads\/2016\/04\/aluminyum-ic-bolmelerjpg.jpg\" alt=\"Aluminyum Ofis \u0130\u00e7i B\u00f6lme Sistemleri\" width=\"840\" height=\"420\" srcset=\"https:\/\/oskaraluminyum.com.tr\/oskar\/wp-content\/uploads\/2016\/04\/aluminyum-ic-bolmelerjpg.jpg 840w, https:\/\/oskaraluminyum.com.tr\/oskar\/wp-content\/uploads\/2016\/04\/aluminyum-ic-bolmelerjpg-300x150.jpg 300w, https:\/\/oskaraluminyum.com.tr\/oskar\/wp-content\/uploads\/2016\/04\/aluminyum-ic-bolmelerjpg-768x384.jpg 768w, https:\/\/oskaraluminyum.com.tr\/oskar\/wp-content\/uploads\/2016\/04\/aluminyum-ic-bolmelerjpg-540x270.jpg 540w\" sizes=\"(max-width: 840px) 100vw, 840px\" \/><\/p>\n<p>\u00a0<\/p>\n<\/div>\n<\/div><\/div><\/div><\/div><\/div>","protected":false},"excerpt":{"rendered":"<p>\u0130\u00e7 B\u00f6lmeler\u00a0G\u00fcn\u00fcm\u00fczde modern ofislerin i\u00e7 partisyonlar\u0131 al\u00fcminyum ta\u015f\u0131y\u0131c\u0131l\u0131 muhtelif tipte i\u00e7 b\u00f6lme sistemleri ile olu\u015fturulmaktad\u0131r. Bu \u015fekilde olu\u015fturulmu\u015f ofisler daha saydam bir \u00e7al\u0131\u015fma ortam\u0131 sa\u011flamakla birlikte mimari a\u00e7\u0131dan da \u00f6nem kazanmaktad\u0131r. \u00a0<\/p>\n","protected":false},"author":1,"featured_media":1154,"parent":1112,"menu_order":0,"comment_status":"closed","ping_status":"closed","template":"","meta":[],"_links":{"self":[{"href":"https:\/\/oskaraluminyum.com.tr\/oskar\/wp-json\/wp\/v2\/pages\/1118"}],"collection":[{"href":"https:\/\/oskaraluminyum.com.tr\/oskar\/wp-json\/wp\/v2\/pages"}],"about":[{"href":"https:\/\/oskaraluminyum.com.tr\/oskar\/wp-json\/wp\/v2\/types\/page"}],"author":[{"embeddable":true,"href":"https:\/\/oskaraluminyum.com.tr\/oskar\/wp-json\/wp\/v2\/users\/1"}],"replies":[{"embeddable":true,"href":"https:\/\/oskaraluminyum.com.tr\/oskar\/wp-json\/wp\/v2\/comments?post=1118"}],"version-history":[{"count":3,"href":"https:\/\/oskaraluminyum.com.tr\/oskar\/wp-json\/wp\/v2\/pages\/1118\/revisions"}],"predecessor-version":[{"id":1155,"href":"https:\/\/oskaraluminyum.com.tr\/oskar\/wp-json\/wp\/v2\/pages\/1118\/revisions\/1155"}],"up":[{"embeddable":true,"href":"https:\/\/oskaraluminyum.com.tr\/oskar\/wp-json\/wp\/v2\/pages\/1112"}],"wp:featuredmedia":[{"embeddable":true,"href":"https:\/\/oskaraluminyum.com.tr\/oskar\/wp-json\/wp\/v2\/media\/1154"}],"wp:attachment":[{"href":"https:\/\/oskaraluminyum.com.tr\/oskar\/wp-json\/wp\/v2\/media?parent=1118"}],"curies":[{"name":"wp","href":"https:\/\/api.w.org\/{rel}","templated":true}]}}