{"id":1116,"date":"2016-04-26T09:09:20","date_gmt":"2016-04-26T06:09:20","guid":{"rendered":"http:\/\/oskaraluminyum.com.tr\/oskar\/?page_id=1116"},"modified":"2016-04-26T10:28:05","modified_gmt":"2016-04-26T07:28:05","slug":"otomatik-kayar-kapilar","status":"publish","type":"page","link":"https:\/\/oskaraluminyum.com.tr\/oskar\/cephe-kaplama-hizmetlerimiz\/diger-sistemler\/otomatik-kayar-kapilar\/","title":{"rendered":"Otomatik Kayar Kap\u0131lar"},"content":{"rendered":"<div id=\"pl-1116\"  class=\"panel-layout\" ><div id=\"pg-1116-0\"  class=\"panel-grid panel-no-style\" ><div id=\"pgc-1116-0-0\"  class=\"panel-grid-cell\" ><div id=\"panel-1116-0-0-0\" class=\"so-panel widget widget_sow-editor panel-first-child panel-last-child\" data-index=\"0\" ><div class=\"so-widget-sow-editor so-widget-sow-editor-base\">\n<div class=\"siteorigin-widget-tinymce textwidget\">\n\t<h4>Otomatik Kayar Kap\u0131lar<\/h4>\n<p>\u00a0<\/p>\n<p style=\"text-align: justify;\">G\u00fcn\u00fcm\u00fczde kap\u0131lar, mekanlara Giri\u015f-\u00c7\u0131k\u0131\u015f sa\u011flarken problem ya\u015famadan fonksiyonel, h\u0131zl\u0131, estetik kolay a\u00e7\u0131l\u0131p kapanmal\u0131, estetik, konforlu ve prestiji de bir arada sunmal\u0131d\u0131r. Otomatik yana kayar kap\u0131lar\u0131n<br \/> tercih edilme sebeplerinden en \u00f6nemlisi iklimlendirme \u00f6zelli\u011fidir; bu sayede otomatik kap\u0131lar kullan\u0131ld\u0131klar\u0131 her mekanda k\u0131\u015f\u0131n \u0131s\u0131 tasarrufu sa\u011flamakta, yaz\u0131n ise i\u00e7 ortam havas\u0131n\u0131 korumaktad\u0131r.<\/p>\n<\/div>\n<\/div><\/div><\/div><div id=\"pgc-1116-0-1\"  class=\"panel-grid-cell\" ><div id=\"panel-1116-0-1-0\" class=\"so-panel widget widget_sow-editor panel-first-child panel-last-child\" data-index=\"1\" ><div class=\"so-widget-sow-editor so-widget-sow-editor-base\">\n<div class=\"siteorigin-widget-tinymce textwidget\">\n\t<p><img loading=\"lazy\" class=\"alignleft size-full wp-image-1156\" src=\"http:\/\/oskaraluminyum.com.tr\/oskar\/wp-content\/uploads\/2016\/04\/otomatik-kayar-kapi-sistemleri.jpg\" alt=\"Otomatik Kayar Kap\u0131 Sistemleri\" width=\"840\" height=\"420\" srcset=\"https:\/\/oskaraluminyum.com.tr\/oskar\/wp-content\/uploads\/2016\/04\/otomatik-kayar-kapi-sistemleri.jpg 840w, https:\/\/oskaraluminyum.com.tr\/oskar\/wp-content\/uploads\/2016\/04\/otomatik-kayar-kapi-sistemleri-300x150.jpg 300w, https:\/\/oskaraluminyum.com.tr\/oskar\/wp-content\/uploads\/2016\/04\/otomatik-kayar-kapi-sistemleri-768x384.jpg 768w, https:\/\/oskaraluminyum.com.tr\/oskar\/wp-content\/uploads\/2016\/04\/otomatik-kayar-kapi-sistemleri-540x270.jpg 540w\" sizes=\"(max-width: 840px) 100vw, 840px\" \/><\/p>\n<p>\u00a0<\/p>\n<\/div>\n<\/div><\/div><\/div><\/div><\/div>","protected":false},"excerpt":{"rendered":"<p>Otomatik Kayar Kap\u0131lar\u00a0G\u00fcn\u00fcm\u00fczde kap\u0131lar, mekanlara Giri\u015f-\u00c7\u0131k\u0131\u015f sa\u011flarken problem ya\u015famadan fonksiyonel, h\u0131zl\u0131, estetik kolay a\u00e7\u0131l\u0131p kapanmal\u0131, estetik, konforlu ve prestiji de bir arada sunmal\u0131d\u0131r. Otomatik yana kayar kap\u0131lar\u0131n tercih edilme sebeplerinden en \u00f6nemlisi iklimlendirme \u00f6zelli\u011fidir; bu sayede otomatik kap\u0131lar kullan\u0131ld\u0131klar\u0131 her mekanda k\u0131\u015f\u0131n \u0131s\u0131 tasarrufu sa\u011flamakta, yaz\u0131n ise i\u00e7 ortam havas\u0131n\u0131 korumaktad\u0131r. \u00a0<\/p>\n","protected":false},"author":1,"featured_media":1156,"parent":1112,"menu_order":0,"comment_status":"closed","ping_status":"closed","template":"","meta":[],"_links":{"self":[{"href":"https:\/\/oskaraluminyum.com.tr\/oskar\/wp-json\/wp\/v2\/pages\/1116"}],"collection":[{"href":"https:\/\/oskaraluminyum.com.tr\/oskar\/wp-json\/wp\/v2\/pages"}],"about":[{"href":"https:\/\/oskaraluminyum.com.tr\/oskar\/wp-json\/wp\/v2\/types\/page"}],"author":[{"embeddable":true,"href":"https:\/\/oskaraluminyum.com.tr\/oskar\/wp-json\/wp\/v2\/users\/1"}],"replies":[{"embeddable":true,"href":"https:\/\/oskaraluminyum.com.tr\/oskar\/wp-json\/wp\/v2\/comments?post=1116"}],"version-history":[{"count":2,"href":"https:\/\/oskaraluminyum.com.tr\/oskar\/wp-json\/wp\/v2\/pages\/1116\/revisions"}],"predecessor-version":[{"id":1157,"href":"https:\/\/oskaraluminyum.com.tr\/oskar\/wp-json\/wp\/v2\/pages\/1116\/revisions\/1157"}],"up":[{"embeddable":true,"href":"https:\/\/oskaraluminyum.com.tr\/oskar\/wp-json\/wp\/v2\/pages\/1112"}],"wp:featuredmedia":[{"embeddable":true,"href":"https:\/\/oskaraluminyum.com.tr\/oskar\/wp-json\/wp\/v2\/media\/1156"}],"wp:attachment":[{"href":"https:\/\/oskaraluminyum.com.tr\/oskar\/wp-json\/wp\/v2\/media?parent=1116"}],"curies":[{"name":"wp","href":"https:\/\/api.w.org\/{rel}","templated":true}]}}