{"id":1110,"date":"2016-04-26T07:53:43","date_gmt":"2016-04-26T04:53:43","guid":{"rendered":"http:\/\/oskaraluminyum.com.tr\/oskar\/?page_id=1110"},"modified":"2016-04-26T10:22:44","modified_gmt":"2016-04-26T07:22:44","slug":"cam-ve-boru-profil-ile-uygulama","status":"publish","type":"page","link":"https:\/\/oskaraluminyum.com.tr\/oskar\/cephe-kaplama-hizmetlerimiz\/genel-uygulama-tipleri\/cam-ve-boru-profil-ile-uygulama\/","title":{"rendered":"Cam ve Boru Profil ile Uygulama"},"content":{"rendered":"<div id=\"pl-1110\"  class=\"panel-layout\" ><div id=\"pg-1110-0\"  class=\"panel-grid panel-no-style\" ><div id=\"pgc-1110-0-0\"  class=\"panel-grid-cell\" ><div id=\"panel-1110-0-0-0\" class=\"so-panel widget widget_sow-editor panel-first-child panel-last-child\" data-index=\"0\" ><div class=\"so-widget-sow-editor so-widget-sow-editor-base\">\n<div class=\"siteorigin-widget-tinymce textwidget\">\n\t<h4>Cam ve Boru Profil ile Uygulama<\/h4>\n<p>\u00a0<\/p>\n<p style=\"text-align: justify;\">Mimariye hareket ve farkl\u0131l\u0131k yaratmak amac\u0131yla kullan\u0131lan giydirme cephe sistemidir. \u00c7elik veya al\u00fcminyum koralaj\u0131 olmaks\u0131z\u0131n, cephe kaplama malzemesi cam y\u00fczeyine gelen y\u00fckler, cam tutamak arac\u0131l\u0131\u011f\u0131 ile y\u00fcksek mukavemetli paslanmaz \u00e7elik gergi elamanlar\u0131na aktar\u0131l\u0131r. Sistemde yatay ve d\u00fc\u015fey cam derzlerinde ultraviyoleye dayan\u0131kl\u0131 silikonla s\u0131zd\u0131rmazl\u0131k sa\u011flanmaktad\u0131r.<\/p>\n<\/div>\n<\/div><\/div><\/div><div id=\"pgc-1110-0-1\"  class=\"panel-grid-cell\" ><div id=\"panel-1110-0-1-0\" class=\"so-panel widget widget_sow-editor panel-first-child panel-last-child\" data-index=\"1\" ><div class=\"so-widget-sow-editor so-widget-sow-editor-base\">\n<div class=\"siteorigin-widget-tinymce textwidget\">\n\t<p><img loading=\"lazy\" class=\"alignleft size-full wp-image-1163\" src=\"http:\/\/oskaraluminyum.com.tr\/oskar\/wp-content\/uploads\/2016\/04\/cam-ve-boru-profil-ile-uygulamalar.jpg\" alt=\"Cam ve Boru Profil ile Uygulamalar\" width=\"840\" height=\"420\" srcset=\"https:\/\/oskaraluminyum.com.tr\/oskar\/wp-content\/uploads\/2016\/04\/cam-ve-boru-profil-ile-uygulamalar.jpg 840w, https:\/\/oskaraluminyum.com.tr\/oskar\/wp-content\/uploads\/2016\/04\/cam-ve-boru-profil-ile-uygulamalar-300x150.jpg 300w, https:\/\/oskaraluminyum.com.tr\/oskar\/wp-content\/uploads\/2016\/04\/cam-ve-boru-profil-ile-uygulamalar-768x384.jpg 768w, https:\/\/oskaraluminyum.com.tr\/oskar\/wp-content\/uploads\/2016\/04\/cam-ve-boru-profil-ile-uygulamalar-540x270.jpg 540w\" sizes=\"(max-width: 840px) 100vw, 840px\" \/><\/p>\n<p>\u00a0<\/p>\n<\/div>\n<\/div><\/div><\/div><\/div><\/div>","protected":false},"excerpt":{"rendered":"<p>Cam ve Boru Profil ile Uygulama\u00a0Mimariye hareket ve farkl\u0131l\u0131k yaratmak amac\u0131yla kullan\u0131lan giydirme cephe sistemidir. \u00c7elik veya al\u00fcminyum koralaj\u0131 olmaks\u0131z\u0131n, cephe kaplama malzemesi cam y\u00fczeyine gelen y\u00fckler, cam tutamak arac\u0131l\u0131\u011f\u0131 ile y\u00fcksek mukavemetli paslanmaz \u00e7elik gergi elamanlar\u0131na aktar\u0131l\u0131r. Sistemde yatay ve d\u00fc\u015fey cam derzlerinde ultraviyoleye dayan\u0131kl\u0131 silikonla s\u0131zd\u0131rmazl\u0131k sa\u011flanmaktad\u0131r. \u00a0<\/p>\n","protected":false},"author":1,"featured_media":1163,"parent":1103,"menu_order":0,"comment_status":"closed","ping_status":"closed","template":"","meta":[],"_links":{"self":[{"href":"https:\/\/oskaraluminyum.com.tr\/oskar\/wp-json\/wp\/v2\/pages\/1110"}],"collection":[{"href":"https:\/\/oskaraluminyum.com.tr\/oskar\/wp-json\/wp\/v2\/pages"}],"about":[{"href":"https:\/\/oskaraluminyum.com.tr\/oskar\/wp-json\/wp\/v2\/types\/page"}],"author":[{"embeddable":true,"href":"https:\/\/oskaraluminyum.com.tr\/oskar\/wp-json\/wp\/v2\/users\/1"}],"replies":[{"embeddable":true,"href":"https:\/\/oskaraluminyum.com.tr\/oskar\/wp-json\/wp\/v2\/comments?post=1110"}],"version-history":[{"count":3,"href":"https:\/\/oskaraluminyum.com.tr\/oskar\/wp-json\/wp\/v2\/pages\/1110\/revisions"}],"predecessor-version":[{"id":1164,"href":"https:\/\/oskaraluminyum.com.tr\/oskar\/wp-json\/wp\/v2\/pages\/1110\/revisions\/1164"}],"up":[{"embeddable":true,"href":"https:\/\/oskaraluminyum.com.tr\/oskar\/wp-json\/wp\/v2\/pages\/1103"}],"wp:featuredmedia":[{"embeddable":true,"href":"https:\/\/oskaraluminyum.com.tr\/oskar\/wp-json\/wp\/v2\/media\/1163"}],"wp:attachment":[{"href":"https:\/\/oskaraluminyum.com.tr\/oskar\/wp-json\/wp\/v2\/media?parent=1110"}],"curies":[{"name":"wp","href":"https:\/\/api.w.org\/{rel}","templated":true}]}}