{"id":1105,"date":"2016-04-26T07:44:35","date_gmt":"2016-04-26T04:44:35","guid":{"rendered":"http:\/\/oskaraluminyum.com.tr\/oskar\/?page_id=1105"},"modified":"2016-04-26T10:18:33","modified_gmt":"2016-04-26T07:18:33","slug":"cam-ile-uygulamalar","status":"publish","type":"page","link":"https:\/\/oskaraluminyum.com.tr\/oskar\/cephe-kaplama-hizmetlerimiz\/genel-uygulama-tipleri\/cam-ile-uygulamalar\/","title":{"rendered":"Cam ile Uygulamalar"},"content":{"rendered":"<div id=\"pl-1105\"  class=\"panel-layout\" ><div id=\"pg-1105-0\"  class=\"panel-grid panel-no-style\" ><div id=\"pgc-1105-0-0\"  class=\"panel-grid-cell\" ><div id=\"panel-1105-0-0-0\" class=\"so-panel widget widget_sow-editor panel-first-child panel-last-child\" data-index=\"0\" ><div class=\"so-widget-sow-editor so-widget-sow-editor-base\">\n<div class=\"siteorigin-widget-tinymce textwidget\">\n\t<h4>Cam ile Uygulamalar<\/h4>\n<p>\u00a0<\/p>\n<p style=\"text-align: justify;\">Transparan cephelerde arka ta\u015f\u0131y\u0131c\u0131 cam kolon statik ve g\u00fcvenlik \u015fartlar\u0131 gere\u011fi \"heat treatment\" (\u0131s\u0131l i\u015flem) testinden ge\u00e7irilmi\u015f camlar\u0131n lamine edilmesi ile olu\u015fturulur. Uygulama y\u00fcksekli\u011fin fazla ek yerleri paslanmaz \u00e7elik lamalarla birle\u015ftirilebilir. Yataylarda herhangi bir ta\u015f\u0131y\u0131c\u0131ya ihtiya\u00e7 duyulmadan d\u00f6rt taraf\u0131ndan delinen cephe camlar\u0131 paslanmaz rotiller vas\u0131tas\u0131 ile arka cam ta\u015f\u0131y\u0131c\u0131lara mekanik olarak ba\u011flanmaktad\u0131r. Bu transparan cephe sisteminde camlar lamine tek cam veya lamine \u00e7ift cam olarak kullan\u0131labilmektedir.<\/p>\n<\/div>\n<\/div><\/div><\/div><div id=\"pgc-1105-0-1\"  class=\"panel-grid-cell\" ><div id=\"panel-1105-0-1-0\" class=\"so-panel widget widget_sow-editor panel-first-child panel-last-child\" data-index=\"1\" ><div class=\"so-widget-sow-editor so-widget-sow-editor-base\">\n<div class=\"siteorigin-widget-tinymce textwidget\">\n\t<p><img loading=\"lazy\" class=\"alignleft size-full wp-image-1121\" src=\"http:\/\/oskaraluminyum.com.tr\/oskar\/wp-content\/uploads\/2016\/04\/cam-ile-uygulamalar-oskar-aluminyum.jpg\" alt=\"cam-ile-uygulamalar-oskar-aluminyum\" width=\"840\" height=\"420\" srcset=\"https:\/\/oskaraluminyum.com.tr\/oskar\/wp-content\/uploads\/2016\/04\/cam-ile-uygulamalar-oskar-aluminyum.jpg 840w, https:\/\/oskaraluminyum.com.tr\/oskar\/wp-content\/uploads\/2016\/04\/cam-ile-uygulamalar-oskar-aluminyum-300x150.jpg 300w, https:\/\/oskaraluminyum.com.tr\/oskar\/wp-content\/uploads\/2016\/04\/cam-ile-uygulamalar-oskar-aluminyum-768x384.jpg 768w, https:\/\/oskaraluminyum.com.tr\/oskar\/wp-content\/uploads\/2016\/04\/cam-ile-uygulamalar-oskar-aluminyum-540x270.jpg 540w\" sizes=\"(max-width: 840px) 100vw, 840px\" \/><\/p>\n<p>\u00a0<\/p>\n<\/div>\n<\/div><\/div><\/div><\/div><\/div>","protected":false},"excerpt":{"rendered":"<p>Cam ile Uygulamalar\u00a0Transparan cephelerde arka ta\u015f\u0131y\u0131c\u0131 cam kolon statik ve g\u00fcvenlik \u015fartlar\u0131 gere\u011fi &#8220;heat treatment&#8221; (\u0131s\u0131l i\u015flem) testinden ge\u00e7irilmi\u015f camlar\u0131n lamine edilmesi ile olu\u015fturulur. Uygulama y\u00fcksekli\u011fin fazla ek yerleri paslanmaz \u00e7elik lamalarla birle\u015ftirilebilir. Yataylarda herhangi bir ta\u015f\u0131y\u0131c\u0131ya ihtiya\u00e7 duyulmadan d\u00f6rt taraf\u0131ndan delinen cephe camlar\u0131 paslanmaz rotiller vas\u0131tas\u0131 ile arka cam ta\u015f\u0131y\u0131c\u0131lara mekanik olarak ba\u011flanmaktad\u0131r. Bu &hellip;<\/p>\n","protected":false},"author":1,"featured_media":1121,"parent":1103,"menu_order":0,"comment_status":"closed","ping_status":"closed","template":"","meta":[],"_links":{"self":[{"href":"https:\/\/oskaraluminyum.com.tr\/oskar\/wp-json\/wp\/v2\/pages\/1105"}],"collection":[{"href":"https:\/\/oskaraluminyum.com.tr\/oskar\/wp-json\/wp\/v2\/pages"}],"about":[{"href":"https:\/\/oskaraluminyum.com.tr\/oskar\/wp-json\/wp\/v2\/types\/page"}],"author":[{"embeddable":true,"href":"https:\/\/oskaraluminyum.com.tr\/oskar\/wp-json\/wp\/v2\/users\/1"}],"replies":[{"embeddable":true,"href":"https:\/\/oskaraluminyum.com.tr\/oskar\/wp-json\/wp\/v2\/comments?post=1105"}],"version-history":[{"count":3,"href":"https:\/\/oskaraluminyum.com.tr\/oskar\/wp-json\/wp\/v2\/pages\/1105\/revisions"}],"predecessor-version":[{"id":1161,"href":"https:\/\/oskaraluminyum.com.tr\/oskar\/wp-json\/wp\/v2\/pages\/1105\/revisions\/1161"}],"up":[{"embeddable":true,"href":"https:\/\/oskaraluminyum.com.tr\/oskar\/wp-json\/wp\/v2\/pages\/1103"}],"wp:featuredmedia":[{"embeddable":true,"href":"https:\/\/oskaraluminyum.com.tr\/oskar\/wp-json\/wp\/v2\/media\/1121"}],"wp:attachment":[{"href":"https:\/\/oskaraluminyum.com.tr\/oskar\/wp-json\/wp\/v2\/media?parent=1105"}],"curies":[{"name":"wp","href":"https:\/\/api.w.org\/{rel}","templated":true}]}}