{"id":1103,"date":"2016-04-26T01:17:59","date_gmt":"2016-04-25T22:17:59","guid":{"rendered":"http:\/\/oskaraluminyum.com.tr\/oskar\/?page_id=1103"},"modified":"2016-04-26T10:46:03","modified_gmt":"2016-04-26T07:46:03","slug":"genel-uygulama-tipleri","status":"publish","type":"page","link":"https:\/\/oskaraluminyum.com.tr\/oskar\/cephe-kaplama-hizmetlerimiz\/genel-uygulama-tipleri\/","title":{"rendered":"Genel Uygulama Tipleri"},"content":{"rendered":"<div id=\"pl-1103\"  class=\"panel-layout\" ><div id=\"pg-1103-0\"  class=\"panel-grid panel-no-style\" ><div id=\"pgc-1103-0-0\"  class=\"panel-grid-cell\" ><div id=\"panel-1103-0-0-0\" class=\"so-panel widget widget_pw_featured_page widget-featured-page panel-first-child panel-last-child\" data-index=\"0\" >\n\t<div class=\"page-box  page-box--block\">\n\t\t\t\t\t<a class=\"page-box__picture\" href=\"https:\/\/oskaraluminyum.com.tr\/oskar\/cephe-kaplama-hizmetlerimiz\/genel-uygulama-tipleri\/boru-profil-ile-uygulamalar\/\">\n\t\t\t\t<img src=\"https:\/\/oskaraluminyum.com.tr\/oskar\/wp-content\/uploads\/2016\/04\/boru-profil-ile-uygulamalar-360x240.jpg\" width=\"360\" height=\"240\" srcset=\"https:\/\/oskaraluminyum.com.tr\/oskar\/wp-content\/uploads\/2016\/04\/boru-profil-ile-uygulamalar-360x240.jpg 360w, https:\/\/oskaraluminyum.com.tr\/oskar\/wp-content\/uploads\/2016\/04\/boru-profil-ile-uygulamalar.jpg 840w\" sizes=\"(min-width: 1200px) 350px, (min-width: 992px) 284px, (min-width: 768px) 692px, calc(100vw - 30px)\" class=\"wp-post-image\" alt=\"Boru Profil ile Uygulama\">\n\t\t\t<\/a>\n\t\t\t\t<div class=\"page-box__content\">\n\t\t\t<h4 class=\"page-box__title\"><a href=\"https:\/\/oskaraluminyum.com.tr\/oskar\/cephe-kaplama-hizmetlerimiz\/genel-uygulama-tipleri\/boru-profil-ile-uygulamalar\/\">Boru Profil ile Uygulama<\/a><\/h4>\n\t\t\t<p class=\"page-box__text\">Boru Profil ile Uygulama\r\n&nbsp;\r\n\u00d6zel paslanmaz rotiller arac\u0131l\u0131\u011f\u0131yla d\u00f6rt kenar\u0131ndan delinerek tutturulmu\u015f olan \u0131s\u0131cam veya lamine tek veya \u0131s\u0131 camlar ta\u015f\u0131y\u0131c\u0131 \u00e7elik konstr\u00fcksiyona &hellip;<\/p>\n\t\t\t\t\t\t\t<a href=\"https:\/\/oskaraluminyum.com.tr\/oskar\/cephe-kaplama-hizmetlerimiz\/genel-uygulama-tipleri\/boru-profil-ile-uygulamalar\/\" class=\"page-box__more-link\">Detay<\/a>\n\t\t\t\t\t<\/div>\n\t<\/div>\n\n<\/div><\/div><div id=\"pgc-1103-0-1\"  class=\"panel-grid-cell\" ><div id=\"panel-1103-0-1-0\" class=\"so-panel widget widget_pw_featured_page widget-featured-page panel-first-child panel-last-child\" data-index=\"1\" >\n\t<div class=\"page-box  page-box--block\">\n\t\t\t\t\t<a class=\"page-box__picture\" href=\"https:\/\/oskaraluminyum.com.tr\/oskar\/cephe-kaplama-hizmetlerimiz\/genel-uygulama-tipleri\/cam-ve-boru-profil-ile-uygulama\/\">\n\t\t\t\t<img src=\"https:\/\/oskaraluminyum.com.tr\/oskar\/wp-content\/uploads\/2016\/04\/cam-ve-boru-profil-ile-uygulamalar-360x240.jpg\" width=\"360\" height=\"240\" srcset=\"https:\/\/oskaraluminyum.com.tr\/oskar\/wp-content\/uploads\/2016\/04\/cam-ve-boru-profil-ile-uygulamalar-360x240.jpg 360w, https:\/\/oskaraluminyum.com.tr\/oskar\/wp-content\/uploads\/2016\/04\/cam-ve-boru-profil-ile-uygulamalar.jpg 840w\" sizes=\"(min-width: 1200px) 350px, (min-width: 992px) 284px, (min-width: 768px) 692px, calc(100vw - 30px)\" class=\"wp-post-image\" alt=\"Cam ve Boru Profil ile Uygulama\">\n\t\t\t<\/a>\n\t\t\t\t<div class=\"page-box__content\">\n\t\t\t<h4 class=\"page-box__title\"><a href=\"https:\/\/oskaraluminyum.com.tr\/oskar\/cephe-kaplama-hizmetlerimiz\/genel-uygulama-tipleri\/cam-ve-boru-profil-ile-uygulama\/\">Cam ve Boru Profil ile Uygulama<\/a><\/h4>\n\t\t\t<p class=\"page-box__text\">Cam ve Boru Profil ile Uygulama\r\n&nbsp;\r\nMimariye hareket ve farkl\u0131l\u0131k yaratmak amac\u0131yla kullan\u0131lan giydirme cephe sistemidir. \u00c7elik veya al\u00fcminyum koralaj\u0131 olmaks\u0131z\u0131n, cephe kaplama malzemesi &hellip;<\/p>\n\t\t\t\t\t\t\t<a href=\"https:\/\/oskaraluminyum.com.tr\/oskar\/cephe-kaplama-hizmetlerimiz\/genel-uygulama-tipleri\/cam-ve-boru-profil-ile-uygulama\/\" class=\"page-box__more-link\">Detay<\/a>\n\t\t\t\t\t<\/div>\n\t<\/div>\n\n<\/div><\/div><div id=\"pgc-1103-0-2\"  class=\"panel-grid-cell\" ><div id=\"panel-1103-0-2-0\" class=\"so-panel widget widget_pw_featured_page widget-featured-page panel-first-child panel-last-child\" data-index=\"2\" >\n\t<div class=\"page-box  page-box--block\">\n\t\t\t\t\t<a class=\"page-box__picture\" href=\"https:\/\/oskaraluminyum.com.tr\/oskar\/cephe-kaplama-hizmetlerimiz\/genel-uygulama-tipleri\/cam-ile-uygulamalar\/\">\n\t\t\t\t<img src=\"https:\/\/oskaraluminyum.com.tr\/oskar\/wp-content\/uploads\/2016\/04\/cam-ile-uygulamalar-oskar-aluminyum-360x240.jpg\" width=\"360\" height=\"240\" srcset=\"https:\/\/oskaraluminyum.com.tr\/oskar\/wp-content\/uploads\/2016\/04\/cam-ile-uygulamalar-oskar-aluminyum-360x240.jpg 360w, https:\/\/oskaraluminyum.com.tr\/oskar\/wp-content\/uploads\/2016\/04\/cam-ile-uygulamalar-oskar-aluminyum.jpg 840w\" sizes=\"(min-width: 1200px) 350px, (min-width: 992px) 284px, (min-width: 768px) 692px, calc(100vw - 30px)\" class=\"wp-post-image\" alt=\"Cam ile Uygulamalar\">\n\t\t\t<\/a>\n\t\t\t\t<div class=\"page-box__content\">\n\t\t\t<h4 class=\"page-box__title\"><a href=\"https:\/\/oskaraluminyum.com.tr\/oskar\/cephe-kaplama-hizmetlerimiz\/genel-uygulama-tipleri\/cam-ile-uygulamalar\/\">Cam ile Uygulamalar<\/a><\/h4>\n\t\t\t<p class=\"page-box__text\">Cam ile Uygulamalar\r\n&nbsp;\r\n\r\nTransparan cephelerde arka ta\u015f\u0131y\u0131c\u0131 cam kolon statik ve g\u00fcvenlik \u015fartlar\u0131 gere\u011fi \"heat treatment\" (\u0131s\u0131l i\u015flem) testinden ge\u00e7irilmi\u015f camlar\u0131n lamine edilmesi &hellip;<\/p>\n\t\t\t\t\t\t\t<a href=\"https:\/\/oskaraluminyum.com.tr\/oskar\/cephe-kaplama-hizmetlerimiz\/genel-uygulama-tipleri\/cam-ile-uygulamalar\/\" class=\"page-box__more-link\">Detay<\/a>\n\t\t\t\t\t<\/div>\n\t<\/div>\n\n<\/div><\/div><\/div><\/div>","protected":false},"excerpt":{"rendered":"<p>Boru Profil ile Uygulama Boru Profil ile Uygulama &nbsp; \u00d6zel paslanmaz rotiller arac\u0131l\u0131\u011f\u0131yla d\u00f6rt kenar\u0131ndan delinerek tutturulmu\u015f olan \u0131s\u0131cam veya lamine tek veya \u0131s\u0131 camlar ta\u015f\u0131y\u0131c\u0131 \u00e7elik konstr\u00fcksiyona &hellip; Detay Cam ve Boru Profil ile Uygulama Cam ve Boru Profil ile Uygulama &nbsp; Mimariye hareket ve farkl\u0131l\u0131k yaratmak amac\u0131yla kullan\u0131lan giydirme cephe sistemidir. \u00c7elik veya &hellip;<\/p>\n","protected":false},"author":1,"featured_media":1158,"parent":43,"menu_order":0,"comment_status":"closed","ping_status":"closed","template":"","meta":[],"_links":{"self":[{"href":"https:\/\/oskaraluminyum.com.tr\/oskar\/wp-json\/wp\/v2\/pages\/1103"}],"collection":[{"href":"https:\/\/oskaraluminyum.com.tr\/oskar\/wp-json\/wp\/v2\/pages"}],"about":[{"href":"https:\/\/oskaraluminyum.com.tr\/oskar\/wp-json\/wp\/v2\/types\/page"}],"author":[{"embeddable":true,"href":"https:\/\/oskaraluminyum.com.tr\/oskar\/wp-json\/wp\/v2\/users\/1"}],"replies":[{"embeddable":true,"href":"https:\/\/oskaraluminyum.com.tr\/oskar\/wp-json\/wp\/v2\/comments?post=1103"}],"version-history":[{"count":2,"href":"https:\/\/oskaraluminyum.com.tr\/oskar\/wp-json\/wp\/v2\/pages\/1103\/revisions"}],"predecessor-version":[{"id":1167,"href":"https:\/\/oskaraluminyum.com.tr\/oskar\/wp-json\/wp\/v2\/pages\/1103\/revisions\/1167"}],"up":[{"embeddable":true,"href":"https:\/\/oskaraluminyum.com.tr\/oskar\/wp-json\/wp\/v2\/pages\/43"}],"wp:featuredmedia":[{"embeddable":true,"href":"https:\/\/oskaraluminyum.com.tr\/oskar\/wp-json\/wp\/v2\/media\/1158"}],"wp:attachment":[{"href":"https:\/\/oskaraluminyum.com.tr\/oskar\/wp-json\/wp\/v2\/media?parent=1103"}],"curies":[{"name":"wp","href":"https:\/\/api.w.org\/{rel}","templated":true}]}}