{"id":1099,"date":"2016-04-26T00:52:43","date_gmt":"2016-04-25T21:52:43","guid":{"rendered":"http:\/\/oskaraluminyum.com.tr\/oskar\/?page_id=1099"},"modified":"2016-04-26T10:23:29","modified_gmt":"2016-04-26T07:23:29","slug":"aluminyum-dograma-sistemleri","status":"publish","type":"page","link":"https:\/\/oskaraluminyum.com.tr\/oskar\/cephe-kaplama-hizmetlerimiz\/aluminyum-kompozit-panel-cephe-kaplamalari\/aluminyum-dograma-sistemleri\/","title":{"rendered":"Al\u00fcminyum Do\u011frama Sistemleri"},"content":{"rendered":"<div id=\"pl-1099\"  class=\"panel-layout\" ><div id=\"pg-1099-0\"  class=\"panel-grid panel-no-style\" ><div id=\"pgc-1099-0-0\"  class=\"panel-grid-cell\" ><div id=\"panel-1099-0-0-0\" class=\"so-panel widget widget_sow-editor panel-first-child panel-last-child\" data-index=\"0\" ><div class=\"so-widget-sow-editor so-widget-sow-editor-base\">\n<div class=\"siteorigin-widget-tinymce textwidget\">\n\t<h4>Al\u00fcminyum Do\u011frama Sistemleri<\/h4>\n<p style=\"text-align: justify;\">\u00a0<\/p>\n<p style=\"text-align: justify;\">Ya\u015fam alanlar\u0131nda kullan\u0131lan sistemler olarak mente\u015feli pencere ve kap\u0131 do\u011framalar\u0131 olduk\u00e7a yayg\u0131nd\u0131r. Bu sistemlerden beklenen \u00f6zellikler ba\u015fta \u0131s\u0131 yal\u0131t\u0131m ve hava-su s\u0131zd\u0131rmazl\u0131k performans\u0131 olmak \u00fczere, d\u0131\u015f ortam sesinin mekanda minimum seviyede hissedilmesi, ihtiya\u00e7 duyulan g\u00fcn \u0131\u015f\u0131\u011f\u0131n\u0131n ortama al\u0131nmas\u0131 ve rahat \u00e7al\u0131\u015fan bir kullan\u0131m sunabilmesi \u015feklinde s\u0131ralanabilir. Mente\u015feli sistemler kullan\u0131m se\u00e7enekleri a\u00e7\u0131s\u0131ndan \u00e7ok zengin olup i\u00e7e ve d\u0131\u015fa a\u00e7\u0131l\u0131r kap\u0131-pencere, \u00e7ift-eksen, vasistas, pivot gibi standart kullan\u0131mlar\u0131n yan\u0131nda gizli kanat pencere ve hem y\u00fcz kap\u0131 gibi estetik odakl\u0131 bir\u00e7ok ilave \u00e7\u00f6z\u00fcme sahiptir.<\/p>\n<\/div>\n<\/div><\/div><\/div><div id=\"pgc-1099-0-1\"  class=\"panel-grid-cell\" ><div id=\"panel-1099-0-1-0\" class=\"so-panel widget widget_sow-editor panel-first-child panel-last-child\" data-index=\"1\" ><div class=\"so-widget-sow-editor so-widget-sow-editor-base\">\n<div class=\"siteorigin-widget-tinymce textwidget\">\n\t<p><img loading=\"lazy\" class=\"alignleft size-full wp-image-1141\" src=\"http:\/\/oskaraluminyum.com.tr\/oskar\/wp-content\/uploads\/2016\/04\/aluminyum-cephe-kaplamalari.jpg\" alt=\"Aluminyum Cephe Kaplamalar\u0131\" width=\"840\" height=\"420\" srcset=\"https:\/\/oskaraluminyum.com.tr\/oskar\/wp-content\/uploads\/2016\/04\/aluminyum-cephe-kaplamalari.jpg 840w, https:\/\/oskaraluminyum.com.tr\/oskar\/wp-content\/uploads\/2016\/04\/aluminyum-cephe-kaplamalari-300x150.jpg 300w, https:\/\/oskaraluminyum.com.tr\/oskar\/wp-content\/uploads\/2016\/04\/aluminyum-cephe-kaplamalari-768x384.jpg 768w, https:\/\/oskaraluminyum.com.tr\/oskar\/wp-content\/uploads\/2016\/04\/aluminyum-cephe-kaplamalari-540x270.jpg 540w\" sizes=\"(max-width: 840px) 100vw, 840px\" \/><\/p>\n<p>\u00a0<\/p>\n<\/div>\n<\/div><\/div><\/div><\/div><\/div>","protected":false},"excerpt":{"rendered":"<p>Al\u00fcminyum Do\u011frama Sistemleri\u00a0Ya\u015fam alanlar\u0131nda kullan\u0131lan sistemler olarak mente\u015feli pencere ve kap\u0131 do\u011framalar\u0131 olduk\u00e7a yayg\u0131nd\u0131r. Bu sistemlerden beklenen \u00f6zellikler ba\u015fta \u0131s\u0131 yal\u0131t\u0131m ve hava-su s\u0131zd\u0131rmazl\u0131k performans\u0131 olmak \u00fczere, d\u0131\u015f ortam sesinin mekanda minimum seviyede hissedilmesi, ihtiya\u00e7 duyulan g\u00fcn \u0131\u015f\u0131\u011f\u0131n\u0131n ortama al\u0131nmas\u0131 ve rahat \u00e7al\u0131\u015fan bir kullan\u0131m sunabilmesi \u015feklinde s\u0131ralanabilir. Mente\u015feli sistemler kullan\u0131m se\u00e7enekleri a\u00e7\u0131s\u0131ndan \u00e7ok zengin &hellip;<\/p>\n","protected":false},"author":1,"featured_media":1141,"parent":482,"menu_order":0,"comment_status":"closed","ping_status":"closed","template":"","meta":[],"_links":{"self":[{"href":"https:\/\/oskaraluminyum.com.tr\/oskar\/wp-json\/wp\/v2\/pages\/1099"}],"collection":[{"href":"https:\/\/oskaraluminyum.com.tr\/oskar\/wp-json\/wp\/v2\/pages"}],"about":[{"href":"https:\/\/oskaraluminyum.com.tr\/oskar\/wp-json\/wp\/v2\/types\/page"}],"author":[{"embeddable":true,"href":"https:\/\/oskaraluminyum.com.tr\/oskar\/wp-json\/wp\/v2\/users\/1"}],"replies":[{"embeddable":true,"href":"https:\/\/oskaraluminyum.com.tr\/oskar\/wp-json\/wp\/v2\/comments?post=1099"}],"version-history":[{"count":4,"href":"https:\/\/oskaraluminyum.com.tr\/oskar\/wp-json\/wp\/v2\/pages\/1099\/revisions"}],"predecessor-version":[{"id":1144,"href":"https:\/\/oskaraluminyum.com.tr\/oskar\/wp-json\/wp\/v2\/pages\/1099\/revisions\/1144"}],"up":[{"embeddable":true,"href":"https:\/\/oskaraluminyum.com.tr\/oskar\/wp-json\/wp\/v2\/pages\/482"}],"wp:featuredmedia":[{"embeddable":true,"href":"https:\/\/oskaraluminyum.com.tr\/oskar\/wp-json\/wp\/v2\/media\/1141"}],"wp:attachment":[{"href":"https:\/\/oskaraluminyum.com.tr\/oskar\/wp-json\/wp\/v2\/media?parent=1099"}],"curies":[{"name":"wp","href":"https:\/\/api.w.org\/{rel}","templated":true}]}}